{"id":27,"date":"2024-05-08T10:51:13","date_gmt":"2024-05-08T08:51:13","guid":{"rendered":"https:\/\/www.hispasat.com\/informe-anual-2024\/?page_id=27"},"modified":"2025-06-12T09:25:40","modified_gmt":"2025-06-12T07:25:40","slug":"hitos","status":"publish","type":"page","link":"https:\/\/www.hispasat.com\/informe-anual-2024\/hitos\/","title":{"rendered":"Hitos"},"content":{"rendered":"<div id='full_slider_1'  class='avia-fullwidth-slider main_color avia-shadow av-mini-hide  avia-builder-el-0  el_before_av_section  avia-builder-el-first   container_wrap fullsize'  ><div  class='avia-slideshow av-lwdtj3zs-0fc78f6e2c84961afd5cbdd629680f18 avia-slideshow-featured av_slideshow_full avia-slide-slider av-mini-hide av-slideshow-ui av-control-default av-slideshow-manual av-loop-once av-loop-manual-endless av-default-height-applied   avia-slideshow-1' data-slideshow-options=\"{&quot;animation&quot;:&quot;slide&quot;,&quot;autoplay&quot;:false,&quot;loop_autoplay&quot;:&quot;once&quot;,&quot;interval&quot;:5,&quot;loop_manual&quot;:&quot;manual-endless&quot;,&quot;autoplay_stopper&quot;:false,&quot;noNavigation&quot;:false,&quot;bg_slider&quot;:false,&quot;keep_padding&quot;:false,&quot;hoverpause&quot;:false,&quot;show_slide_delay&quot;:0}\"  itemprop=\"image\" itemscope=\"itemscope\" itemtype=\"https:\/\/schema.org\/ImageObject\" ><ul class='avia-slideshow-inner ' style='padding-bottom: 28.666666666667%;'><li  data-controls='aviaTBaviaTBvideo_controls' data-mute='aviaTBaviaTBvideo_mute' data-loop='aviaTBaviaTBvideo_loop' data-disable-autoplay=''  data-video-height='197' data-video-toppos='-48.5' data-video-ratio='3.4883720930233' class='avia-slideshow-slide av-lwdtj3zs-0fc78f6e2c84961afd5cbdd629680f18__0  av-video-slide  av-video-service-html5  av-hide-video-controls av-mute-video av-loop-video av-mobile-fallback-image  av-video-stretch av-single-slide slide-1 slide-odd'><div data-rel='slideshow-1' class='avia-slide-wrap '    itemprop=\"video\" itemtype=\"https:\/\/schema.org\/VideoObject\" ><div class='av-click-overlay'><\/div><video class='avia_video'  autoplay playsinline loop preload=\"metadata\" muted  id='player_27_1687480523_1887475997'><source src=\"https:\/\/www.hispasat.com\/informe-anual-2024\/wp-content\/uploads\/2025\/05\/Hitos.mp4\" type=\"video\/mp4\" \/><\/video><div class=\"av-click-to-play-overlay\"><div class=\"avia_playpause_icon\"><\/div><\/div><\/div><\/li><\/ul><\/div><\/div>\n\n<style type=\"text\/css\" data-created_by=\"avia_inline_auto\" id=\"style-css-av-mbt1vasz-6b92d00649201a445d0c998cde83295a\">\n.avia-section.av-mbt1vasz-6b92d00649201a445d0c998cde83295a{\nbackground-repeat:no-repeat;\nbackground-image:url(https:\/\/www.hispasat.com\/informe-anual-2024\/wp-content\/uploads\/2025\/06\/Hitos-movil-cuadrado.gif);\nbackground-position:0% 0%;\nbackground-attachment:scroll;\n}\n<\/style>\n<div id='av_section_1'  class='avia-section av-mbt1vasz-6b92d00649201a445d0c998cde83295a main_color avia-section-default avia-no-border-styling  avia-builder-el-1  el_after_av_slideshow_full  el_before_av_section  av-desktop-hide av-medium-hide av-small-hide avia-full-contain avia-bg-style-scroll av-minimum-height av-minimum-height-50 av-height-50  container_wrap fullsize'  data-section-bg-repeat='contain' data-av_minimum_height_pc='50' data-av_min_height_opt='50'><div class='container av-section-cont-open' ><div class='template-page content  av-content-full alpha units'><div class='post-entry post-entry-type-page post-entry-27'><div class='entry-content-wrapper clearfix'>\n<\/div><\/div><\/div><!-- close content main div --><\/div><\/div>\n<style type=\"text\/css\" data-created_by=\"avia_inline_auto\" id=\"style-css-av-qxrv-701df1ecc4843c65877ce972cfa5fac5\">\n.avia-section.av-qxrv-701df1ecc4843c65877ce972cfa5fac5{\nbackground-color:#dee2e6;\nbackground-image:unset;\n}\n<\/style>\n<div id='iris2'  class='avia-section av-qxrv-701df1ecc4843c65877ce972cfa5fac5 main_color avia-section-default avia-no-border-styling  avia-builder-el-2  el_after_av_section  el_before_av_section  avia-bg-style-scroll container_wrap fullsize'  ><div class='container av-section-cont-open' ><div class='template-page content  av-content-full alpha units'><div class='post-entry post-entry-type-page post-entry-27'><div class='entry-content-wrapper clearfix'>\n\n<style type=\"text\/css\" data-created_by=\"avia_inline_auto\" id=\"style-css-av-lvxpypni-73552c0e729cc5ff60b1033c360e0145\">\n#top .av-special-heading.av-lvxpypni-73552c0e729cc5ff60b1033c360e0145{\npadding-bottom:10px;\nfont-size:40px;\n}\nbody .av-special-heading.av-lvxpypni-73552c0e729cc5ff60b1033c360e0145 .av-special-heading-tag .heading-char{\nfont-size:25px;\n}\n#top #wrap_all .av-special-heading.av-lvxpypni-73552c0e729cc5ff60b1033c360e0145 .av-special-heading-tag{\nfont-size:40px;\n}\n.av-special-heading.av-lvxpypni-73552c0e729cc5ff60b1033c360e0145 .av-subheading{\nfont-size:15px;\n}\n\n@media only screen and (min-width: 480px) and (max-width: 767px){ \n#top #wrap_all .av-special-heading.av-lvxpypni-73552c0e729cc5ff60b1033c360e0145 .av-special-heading-tag{\nfont-size:0.8em;\n}\n}\n\n@media only screen and (max-width: 479px){ \n#top #wrap_all .av-special-heading.av-lvxpypni-73552c0e729cc5ff60b1033c360e0145 .av-special-heading-tag{\nfont-size:0.8em;\n}\n}\n<\/style>\n<div  class='av-special-heading av-lvxpypni-73552c0e729cc5ff60b1033c360e0145 av-special-heading-h2 blockquote modern-quote modern-centered  avia-builder-el-3  el_before_av_hr  avia-builder-el-first  av-inherit-size'><h2 class='av-special-heading-tag'  itemprop=\"headline\"  >IRIS<sup>2<\/sup><\/h2><div class=\"special-heading-border\"><div class=\"special-heading-inner-border\"><\/div><\/div><\/div>\n\n<style type=\"text\/css\" data-created_by=\"avia_inline_auto\" id=\"style-css-av-lvxpyuwm-5018e2eccd184639110b8a55565889fe\">\n#top .hr.hr-invisible.av-lvxpyuwm-5018e2eccd184639110b8a55565889fe{\nheight:50px;\n}\n<\/style>\n<div  class='hr av-lvxpyuwm-5018e2eccd184639110b8a55565889fe hr-invisible  avia-builder-el-4  el_after_av_heading  el_before_av_one_full '><span class='hr-inner '><span class=\"hr-inner-style\"><\/span><\/span><\/div>\n\n<style type=\"text\/css\" data-created_by=\"avia_inline_auto\" id=\"style-css-av-1pwvn-0902403f0d23acb9a9ceef84c67f6645\">\n.flex_column.av-1pwvn-0902403f0d23acb9a9ceef84c67f6645{\nborder-radius:70px 70px 70px 70px;\npadding:30px 50px 30px 50px;\nbackground-color:#003c6e;\n}\n<\/style>\n<div  class='flex_column av-1pwvn-0902403f0d23acb9a9ceef84c67f6645 av_one_full  avia-builder-el-5  el_after_av_hr  el_before_av_one_full  first flex_column_div  '     ><style type=\"text\/css\" data-created_by=\"avia_inline_auto\" id=\"style-css-av-lvxpzztq-eb0779409fceb5aedff182b91fdf0e7c\">\n#top .av_textblock_section.av-lvxpzztq-eb0779409fceb5aedff182b91fdf0e7c .avia_textblock{\nfont-size:18px;\ncolor:#8ca0b4;\n}\n<\/style>\n<section  class='av_textblock_section av-lvxpzztq-eb0779409fceb5aedff182b91fdf0e7c '   itemscope=\"itemscope\" itemtype=\"https:\/\/schema.org\/CreativeWork\" ><div class='avia_textblock av_inherit_color'  itemprop=\"text\" ><p style=\"text-align: center;\"><strong>El 16 de diciembre de2024 se firm\u00f3 entre el consorcio SpaceRISE -formado por Eutelsat, Hispasat y SES-, la Comisi\u00f3n Europea y la Agencia Espacial Europea el acuerdo para poner en marcha IRIS\u00b2 (Infraestructura de Resiliencia, Interconectividad y Seguridad por Sat\u00e9lite).<\/strong><\/p>\n<\/div><\/section><\/div><div  class='flex_column av-zm4b-102c93cba3c458a6306f0cc896ca3800 av_one_full  avia-builder-el-7  el_after_av_one_full  avia-builder-el-last  first flex_column_div  column-top-margin'     ><section  class='av_textblock_section av-mb6a4jnc-8c6149c751368064281387a8e03c1467 '   itemscope=\"itemscope\" itemtype=\"https:\/\/schema.org\/CreativeWork\" ><div class='avia_textblock'  itemprop=\"text\" ><p>SpaceRISE dise\u00f1ar\u00e1, construir\u00e1 y explotar\u00e1 durante 12 a\u00f1os esta red de 290 nuevos sat\u00e9lites de \u00f3rbita terrestre baja (LEO) y media (MEO), que se espera entren en servicio en 2030. IRIS\u00b2 es un proyecto insignia de la Uni\u00f3n Europea y tiene como objetivo lograr una Europa interconectada y segura.<\/p>\n<p>Mediante un modelo de colaboraci\u00f3n p\u00fablico-privada, IRIS\u00b2 contar\u00e1 con 6.500 millones de euros de fondos p\u00fablicos -que representan alrededor del 60% de las inversiones del proyecto- procedentes de la Comisi\u00f3n Europea, los Estados miembros de la UE y la Agencia Espacial Europea. Esta inversi\u00f3n p\u00fablica se complementar\u00e1 con la financiaci\u00f3n privada aportada por los tres miembros del consorcio.<\/p>\n<p>La inversi\u00f3n de Hispasat en IRIS\u00b2podr\u00eda ascender hasta los 600 millones de euros, sujeta al dise\u00f1o final de la constelaci\u00f3n y a la verificaci\u00f3n de diferentes par\u00e1metros que se deben confirmar en el hito de dise\u00f1o preliminar del proyecto. Esta inversi\u00f3n otorga a la compa\u00f1\u00eda el acceso a capacidades en \u00f3rbita no geoestacionaria en regiones de alto inter\u00e9s estrat\u00e9gico y de relevancia de negocio. Con ello se pretende complementar el porfolio de productos con el que el Grupo Hispasat se presenta hoy al mercado, ampliando sus \u00e1reas geogr\u00e1ficas y verticales de negocio. Parte de esta inversi\u00f3n se vincula al acceso a capacidades en bandas militares que queden excedentes o a la incorporaci\u00f3n de cargas \u00fatiles de inter\u00e9s que deben ser analizadas y evaluadas durante el primer a\u00f1o de contrato.<\/p>\n<\/div><\/section><\/div>\n\n<\/div><\/div><\/div><!-- close content main div --><\/div><\/div><div id='conectate'  class='avia-section av-2qvl7-bd600d971c97b077d28b55a1261ec1c3 main_color avia-section-default avia-no-border-styling  avia-builder-el-9  el_after_av_section  avia-builder-el-last  avia-bg-style-scroll container_wrap fullsize'  ><div class='container av-section-cont-open' ><div class='template-page content  av-content-full alpha units'><div class='post-entry post-entry-type-page post-entry-27'><div class='entry-content-wrapper clearfix'>\n\n<style type=\"text\/css\" data-created_by=\"avia_inline_auto\" id=\"style-css-av-lvxqbrxy-6e5e9788b5d5954bfb2702e82a919890\">\n.avia-image-container.av-lvxqbrxy-6e5e9788b5d5954bfb2702e82a919890 img.avia_image{\nbox-shadow:none;\n}\n.avia-image-container.av-lvxqbrxy-6e5e9788b5d5954bfb2702e82a919890 .av-image-caption-overlay-center{\ncolor:#ffffff;\n}\n<\/style>\n<div  class='avia-image-container av-lvxqbrxy-6e5e9788b5d5954bfb2702e82a919890 av-styling- av-img-linked avia_animated_image av-animated-when-visible-95 fade-in-left avia-align-center  avia-builder-el-10  el_before_av_image  avia-builder-el-first  av-mini-hide'   itemprop=\"image\" itemscope=\"itemscope\" itemtype=\"https:\/\/schema.org\/ImageObject\" ><div class=\"avia-image-container-inner\"><div class=\"avia-image-overlay-wrap\"><a href=\"https:\/\/www.youtube.com\/watch?v=osA2CVlY4AM?iframe=true\" class='avia_image ' target=\"_blank\" rel=\"noopener noreferrer\" aria-label='Imagen Hitos'><img decoding=\"async\" fetchpriority=\"high\" class='wp-image-1165 avia-img-lazy-loading-not-1165 avia_image ' src=\"https:\/\/www.hispasat.com\/informe-anual-2024\/wp-content\/uploads\/2025\/05\/Imagen-Hitos.png\" alt='' title='Imagen Hitos'  height=\"365\" width=\"1210\"  itemprop=\"thumbnailUrl\" srcset=\"https:\/\/www.hispasat.com\/informe-anual-2024\/wp-content\/uploads\/2025\/05\/Imagen-Hitos.png 1210w, https:\/\/www.hispasat.com\/informe-anual-2024\/wp-content\/uploads\/2025\/05\/Imagen-Hitos-300x90.png 300w, https:\/\/www.hispasat.com\/informe-anual-2024\/wp-content\/uploads\/2025\/05\/Imagen-Hitos-1030x311.png 1030w, https:\/\/www.hispasat.com\/informe-anual-2024\/wp-content\/uploads\/2025\/05\/Imagen-Hitos-768x232.png 768w, https:\/\/www.hispasat.com\/informe-anual-2024\/wp-content\/uploads\/2025\/05\/Imagen-Hitos-705x213.png 705w\" sizes=\"(max-width: 1210px) 100vw, 1210px\" \/><\/a><\/div><\/div><\/div>\n\n<style type=\"text\/css\" data-created_by=\"avia_inline_auto\" id=\"style-css-av-mbt20omb-51ececb590b6a423341e1ebe9f384c7c\">\n.avia-image-container.av-mbt20omb-51ececb590b6a423341e1ebe9f384c7c img.avia_image{\nbox-shadow:none;\n}\n.avia-image-container.av-mbt20omb-51ececb590b6a423341e1ebe9f384c7c .av-image-caption-overlay-center{\ncolor:#ffffff;\n}\n<\/style>\n<div  class='avia-image-container av-mbt20omb-51ececb590b6a423341e1ebe9f384c7c av-styling- av-img-linked avia_animated_image av-animated-when-visible-95 fade-in-left avia-align-center  avia-builder-el-11  el_after_av_image  el_before_av_one_full  av-desktop-hide av-medium-hide av-small-hide'   itemprop=\"image\" itemscope=\"itemscope\" itemtype=\"https:\/\/schema.org\/ImageObject\" ><div class=\"avia-image-container-inner\"><div class=\"avia-image-overlay-wrap\"><a href=\"https:\/\/www.youtube.com\/watch?v=osA2CVlY4AM?iframe=true\" class='avia_image ' target=\"_blank\" rel=\"noopener noreferrer\" aria-label='Im\u00e1genes Hitos m\u00f3vil3'><img decoding=\"async\" fetchpriority=\"high\" class='wp-image-1678 avia-img-lazy-loading-not-1678 avia_image ' src=\"https:\/\/www.hispasat.com\/informe-anual-2024\/wp-content\/uploads\/2025\/06\/Imagenes-Hitos-movil3.png\" alt='' title='Im\u00e1genes Hitos m\u00f3vil3'  height=\"170\" width=\"360\"  itemprop=\"thumbnailUrl\" srcset=\"https:\/\/www.hispasat.com\/informe-anual-2024\/wp-content\/uploads\/2025\/06\/Imagenes-Hitos-movil3.png 360w, https:\/\/www.hispasat.com\/informe-anual-2024\/wp-content\/uploads\/2025\/06\/Imagenes-Hitos-movil3-300x142.png 300w\" sizes=\"(max-width: 360px) 100vw, 360px\" \/><\/a><\/div><\/div><\/div>\n\n<style type=\"text\/css\" data-created_by=\"avia_inline_auto\" id=\"style-css-av-1b4pb-4bd5446ff941bdc6b0cb170ef683c73d\">\n#top .flex_column.av-1b4pb-4bd5446ff941bdc6b0cb170ef683c73d{\nmargin-top:30px;\nmargin-bottom:30px;\n}\n.responsive #top #wrap_all .flex_column.av-1b4pb-4bd5446ff941bdc6b0cb170ef683c73d{\nmargin-top:30px;\nmargin-bottom:30px;\n}\n<\/style>\n<div  class='flex_column av-1b4pb-4bd5446ff941bdc6b0cb170ef683c73d av_one_full  avia-builder-el-12  el_after_av_image  avia-builder-el-last  first flex_column_div  '     ><section  class='av_textblock_section av-lvxqa7es-4fdee08c07a0fbf4e9c4b488d1cf96db '   itemscope=\"itemscope\" itemtype=\"https:\/\/schema.org\/CreativeWork\" ><div class='avia_textblock'  itemprop=\"text\" ><p>Esta apuesta en soluciones multi\u00f3rbita da respuesta a la estrategia definida por la compa\u00f1\u00eda en su Plan Estrat\u00e9gico y cumple los principios financieros requeridos por sus accionistas. A partir de 2025, Hispasat espera generar ingresos y EBITDA ligados a los trabajos relacionados con las fases de dise\u00f1o y adquisici\u00f3n del sistema.<\/p>\n<p>Hispasat es el responsable de dise\u00f1ar, desarrollar e implementar el segmento terreno de IRIS\u00b2; es decir, todas las instalaciones necesarias para la gesti\u00f3n y operaci\u00f3n de las diferentes capas orbitales de la constelaci\u00f3n, as\u00ed como la interconexi\u00f3n con las redes terrestres. El segmento terreno tendr\u00e1 diferentes ubicaciones (centros de control, estaciones de servicios, telecomando y telemetr\u00eda), garantizando los estrictos requisitos de seguridad y resiliencia inherentes a un sistema de comunicaciones gubernamentales como \u00e9ste.<\/p>\n<p>Dentro del consorcio, Hispasat asume el rol de responsable de la operaci\u00f3n y prestaci\u00f3n de servicios a los Estados miembros, que incluir\u00e1 desde la identificaci\u00f3n del cat\u00e1logo de servicios, el dise\u00f1o del concepto de operaciones, los procedimientos para su puesta en marcha y los esquemas de prestaci\u00f3n de servicios que se desarrollen.<\/p>\n<p>Adem\u00e1s, la compa\u00f1\u00eda liderar\u00e1 la capa orbital muy baja (Low LEO) de la constelaci\u00f3n, concebida para operar por debajo de los 750 km de altura. En ella se embarcar\u00e1n misiones innovadoras, interconectadas con el resto de la constelaci\u00f3n, que contribuir\u00e1n a dinamizar el ecosistema de startups y PYMEs europeas y a desarrollar las soluciones m\u00e1s vanguardistas en materia de espacio.<\/p>\n<\/div><\/section><\/div>\n","protected":false},"excerpt":{"rendered":"","protected":false},"author":1,"featured_media":0,"parent":0,"menu_order":0,"comment_status":"closed","ping_status":"closed","template":"","meta":{"footnotes":""},"class_list":["post-27","page","type-page","status-publish","hentry"],"_links":{"self":[{"href":"https:\/\/www.hispasat.com\/informe-anual-2024\/wp-json\/wp\/v2\/pages\/27","targetHints":{"allow":["GET"]}}],"collection":[{"href":"https:\/\/www.hispasat.com\/informe-anual-2024\/wp-json\/wp\/v2\/pages"}],"about":[{"href":"https:\/\/www.hispasat.com\/informe-anual-2024\/wp-json\/wp\/v2\/types\/page"}],"author":[{"embeddable":true,"href":"https:\/\/www.hispasat.com\/informe-anual-2024\/wp-json\/wp\/v2\/users\/1"}],"replies":[{"embeddable":true,"href":"https:\/\/www.hispasat.com\/informe-anual-2024\/wp-json\/wp\/v2\/comments?post=27"}],"version-history":[{"count":60,"href":"https:\/\/www.hispasat.com\/informe-anual-2024\/wp-json\/wp\/v2\/pages\/27\/revisions"}],"predecessor-version":[{"id":1680,"href":"https:\/\/www.hispasat.com\/informe-anual-2024\/wp-json\/wp\/v2\/pages\/27\/revisions\/1680"}],"wp:attachment":[{"href":"https:\/\/www.hispasat.com\/informe-anual-2024\/wp-json\/wp\/v2\/media?parent=27"}],"curies":[{"name":"wp","href":"https:\/\/api.w.org\/{rel}","templated":true}]}}